{"id":184,"date":"2025-04-01T20:05:30","date_gmt":"2025-04-01T20:05:30","guid":{"rendered":"https:\/\/clinicadelviajero.mx\/?page_id=184"},"modified":"2025-04-01T20:15:39","modified_gmt":"2025-04-01T20:15:39","slug":"politicas-de-seguridad-de-la-informacion","status":"publish","type":"page","link":"https:\/\/clinicadelviajero.mx\/en\/politicas-de-seguridad-de-la-informacion\/","title":{"rendered":"Information Security Policies"},"content":{"rendered":"<p class=\"\">Las presentes Pol\u00edticas de Seguridad de la Informaci\u00f3n se publican con el objetivo de garantizar el cumplimiento del derecho a la protecci\u00f3n de la salud y disminuir los riesgos sanitarios de los pacientes que reciben atenci\u00f3n m\u00e9dica ambulatoria en clinicadelviajero.mx<\/p>\n\n\n\n<div data-client-id=\"2153808c4b814bba910c58b4183e3761\" id=\"pdf-1\" class=\"wp-block-tropicalista-pdfembed\" style=\"height:500px\" data-api-key=\"03df0f43bad3449a96528c0a387c105c\" data-file-name=\"Politicas-de-Seguridad-de-la-Informacion-clinicadelviajero.mx_.pdf\" data-media-url=\"https:\/\/clinicadelviajero.mx\/wp-content\/uploads\/2025\/04\/Politicas-de-Seguridad-de-la-Informacion-clinicadelviajero.mx_.pdf\" data-show-download-pdf=\"true\" data-show-print-pdf=\"true\" data-show-page-controls=\"true\" data-show-thumbnails=\"true\" data-show-bookmarks=\"true\" data-show-zoom-control=\"true\" data-show-full-screen=\"true\" data-default-view-mode=\"FIT_WIDTH\" data-show-annotation-tools=\"true\" data-enable-form-filling=\"true\" data-enable-text-selection=\"true\"><\/div>","protected":false},"excerpt":{"rendered":"<p>Las presentes Pol\u00edticas de Seguridad de la Informaci\u00f3n se publican con el objetivo de garantizar el cumplimiento del derecho a la protecci\u00f3n de la salud y disminuir los riesgos sanitarios de los pacientes que reciben atenci\u00f3n m\u00e9dica ambulatoria en clinicadelviajero.mx<\/p>","protected":false},"author":1,"featured_media":0,"parent":0,"menu_order":0,"comment_status":"closed","ping_status":"closed","template":"","meta":{"nf_dc_page":"","footnotes":""},"class_list":["post-184","page","type-page","status-publish","hentry"],"_links":{"self":[{"href":"https:\/\/clinicadelviajero.mx\/en\/wp-json\/wp\/v2\/pages\/184","targetHints":{"allow":["GET"]}}],"collection":[{"href":"https:\/\/clinicadelviajero.mx\/en\/wp-json\/wp\/v2\/pages"}],"about":[{"href":"https:\/\/clinicadelviajero.mx\/en\/wp-json\/wp\/v2\/types\/page"}],"author":[{"embeddable":true,"href":"https:\/\/clinicadelviajero.mx\/en\/wp-json\/wp\/v2\/users\/1"}],"replies":[{"embeddable":true,"href":"https:\/\/clinicadelviajero.mx\/en\/wp-json\/wp\/v2\/comments?post=184"}],"version-history":[{"count":3,"href":"https:\/\/clinicadelviajero.mx\/en\/wp-json\/wp\/v2\/pages\/184\/revisions"}],"predecessor-version":[{"id":190,"href":"https:\/\/clinicadelviajero.mx\/en\/wp-json\/wp\/v2\/pages\/184\/revisions\/190"}],"wp:attachment":[{"href":"https:\/\/clinicadelviajero.mx\/en\/wp-json\/wp\/v2\/media?parent=184"}],"curies":[{"name":"wp","href":"https:\/\/api.w.org\/{rel}","templated":true}]}}