{"id":16,"date":"2024-05-03T21:15:00","date_gmt":"2024-05-03T21:15:00","guid":{"rendered":"https:\/\/vacunas.health\/contact\/"},"modified":"2025-04-14T21:15:38","modified_gmt":"2025-04-14T21:15:38","slug":"contacto","status":"publish","type":"page","link":"https:\/\/clinicadelviajero.mx\/en\/contacto\/","title":{"rendered":"Contact"},"content":{"rendered":"<div style=\"background-image:url(&apos;https:\/\/clinicadelviajero.mx\/wp-content\/uploads\/2025\/04\/Sitio-web-clinicadelviajero.mx-5.png&apos;);background-position:47% 50%;background-size:cover;\" class=\"nfd-container nfd-text-md nfd-p-lg wp-block-group has-white-color has-text-color is-layout-flow wp-container-core-group-is-layout-634f0b9d wp-block-group-is-layout-flow has-background\">\n<div class=\"wp-block-group is-layout-constrained wp-container-core-group-is-layout-1e17d720 wp-block-group-is-layout-constrained\">\n<p class=\"nfd-text-sm nfd-text-secondary has-text-align-center has-contrast-color has-text-color has-link-color wp-elements-e191b3bdf5e0fc5d98390957d79423e8\" style=\"font-style:normal;font-weight:600;letter-spacing:0.05em;text-transform:uppercase\">CONTACT US<\/p>\n\n\n\n<figure class=\"wp-block-image aligncenter size-full\"><img loading=\"lazy\" decoding=\"async\" width=\"250\" height=\"100\" src=\"https:\/\/clinicadelviajero.mx\/wp-content\/uploads\/2025\/04\/Sitio-web-clinicadelviajero.mx-12-2.png\" alt=\"\" class=\"wp-image-176\" srcset=\"https:\/\/clinicadelviajero.mx\/wp-content\/uploads\/2025\/04\/Sitio-web-clinicadelviajero.mx-12-2.png 250w, https:\/\/clinicadelviajero.mx\/wp-content\/uploads\/2025\/04\/Sitio-web-clinicadelviajero.mx-12-2-18x7.png 18w\" sizes=\"auto, (max-width: 250px) 100vw, 250px\" \/><\/figure>\n<\/div>\n\n\n\n<div class=\"nfd-text-opacity-80 wp-block-group is-layout-constrained wp-container-core-group-is-layout-081cea82 wp-block-group-is-layout-constrained\">\n<p class=\"has-text-align-center has-contrast-color has-text-color has-link-color wp-elements-ad0e45016917b29ce7539214936970cd\">We\u2019re here to help you before, during, and after your trip.<\/p>\n\n\n\n<div class=\"nfd-text-base md:nfd-justify-start wp-block-buttons is-vertical is-content-justification-center is-layout-flex wp-container-core-buttons-is-layout-037ab085 wp-block-buttons-is-layout-flex\" style=\"margin-top:24px\">\n<div class=\"is-style-outline wp-block-button is-style-outline--1\" style=\"font-style:normal;font-weight:500;line-height:1.5\"><a class=\"wp-block-button__link has-midnight-gradient-background has-background wp-element-button\" href=\"https:\/\/wa.me\/525621058956?text=Hola%2C%20quisiera%20solicitar%20informes%20sobre%20los%20servicios%20de%20la%20Cl%C3%ADnica%20del%20Viajero.%20%C2%BFPodr%C3%ADan%20ayudarme%3F\" style=\"border-radius:0px;padding-top:20px;padding-right:40px;padding-bottom:20px;padding-left:40px\">Ask for details<\/a><\/div>\n<\/div>\n<\/div>\n<\/div>\n\n\n\n<div class=\"nfd-container nfd-p-md nfd-theme-white nfd-bg-surface is-style-nfd-theme-white wp-block-group is-layout-constrained wp-block-group-is-layout-constrained\">\n<div class=\"nfd-text-md nfd-gap-2xl wp-block-columns nfd-wb-animate nfd-wb-fade-in-bottom is-layout-flex wp-container-core-columns-is-layout-28f84493 wp-block-columns-is-layout-flex\">\n<div class=\"wp-block-column is-vertically-aligned-top is-layout-flow wp-container-core-column-is-layout-369f67fb wp-block-column-is-layout-flow\">\n<h2 class=\"wp-block-heading nfd-text-lg nfd-text-current\">Appointment Schedule<\/h2>\n\n\n\n<div class=\"nfd-text-opacity-80 wp-block-group is-content-justification-left is-layout-constrained wp-container-core-group-is-layout-7526a028 wp-block-group-is-layout-constrained\">\n<p class=\"\"><strong>Mon \u2013 Fri<br><\/strong>8:00 am \u2014 9:00 pm<\/p>\n\n\n\n<p class=\"\"><strong>Sat<\/strong><br>8:00 am \u2014 5:00 pm<\/p>\n\n\n\n<p class=\"\"><strong>Sun<\/strong><br>Closed<\/p>\n<\/div>\n<\/div>\n\n\n\n<div class=\"wp-block-column is-vertically-aligned-top is-layout-flow wp-container-core-column-is-layout-369f67fb wp-block-column-is-layout-flow\">\n<h2 class=\"wp-block-heading nfd-text-lg nfd-text-current\">Contact<\/h2>\n\n\n\n<div class=\"nfd-text-opacity-80 wp-block-group is-content-justification-left is-layout-constrained wp-container-core-group-is-layout-7526a028 wp-block-group-is-layout-constrained\">\n<p class=\"\"><strong>Email<br><\/strong><a href=\"mailto:hi@example.com\">recepcion@clinicadelviajero.mx<\/a><\/p>\n\n\n\n<p class=\"\"><strong>Phone or WhatsApp<\/strong><br>(+52) 56-2105-8956<\/p>\n\n\n\n<ul class=\"is-style-default wp-block-social-links alignleft has-normal-icon-size has-icon-color has-icon-background-color is-content-justification-space-between is-layout-flex wp-container-core-social-links-is-layout-b2891da8 wp-block-social-links-is-layout-flex\"><li style=\"color:#000000;background-color:#0000000d;\" class=\"wp-social-link wp-social-link-twitter has-secondary-foreground-color wp-block-social-link\"><a href=\"#\" class=\"wp-block-social-link-anchor\"><svg width=\"24\" height=\"24\" viewbox=\"0 0 24 24\" version=\"1.1\" xmlns=\"http:\/\/www.w3.org\/2000\/svg\" aria-hidden=\"true\" focusable=\"false\"><path d=\"M22.23,5.924c-0.736,0.326-1.527,0.547-2.357,0.646c0.847-0.508,1.498-1.312,1.804-2.27 c-0.793,0.47-1.671,0.812-2.606,0.996C18.324,4.498,17.257,4,16.077,4c-2.266,0-4.103,1.837-4.103,4.103 c0,0.322,0.036,0.635,0.106,0.935C8.67,8.867,5.647,7.234,3.623,4.751C3.27,5.357,3.067,6.062,3.067,6.814 c0,1.424,0.724,2.679,1.825,3.415c-0.673-0.021-1.305-0.206-1.859-0.513c0,0.017,0,0.034,0,0.052c0,1.988,1.414,3.647,3.292,4.023 c-0.344,0.094-0.707,0.144-1.081,0.144c-0.264,0-0.521-0.026-0.772-0.074c0.522,1.63,2.038,2.816,3.833,2.85 c-1.404,1.1-3.174,1.756-5.096,1.756c-0.331,0-0.658-0.019-0.979-0.057c1.816,1.164,3.973,1.843,6.29,1.843 c7.547,0,11.675-6.252,11.675-11.675c0-0.178-0.004-0.355-0.012-0.531C20.985,7.47,21.68,6.747,22.23,5.924z\"><\/path><\/svg><span class=\"wp-block-social-link-label screen-reader-text\">Twitter<\/span><\/a><\/li>\n\n<li style=\"color:#000000;background-color:#0000000d;\" class=\"wp-social-link wp-social-link-instagram has-secondary-foreground-color wp-block-social-link\"><a href=\"#\" class=\"wp-block-social-link-anchor\"><svg width=\"24\" height=\"24\" viewbox=\"0 0 24 24\" version=\"1.1\" xmlns=\"http:\/\/www.w3.org\/2000\/svg\" aria-hidden=\"true\" focusable=\"false\"><path d=\"M12,4.622c2.403,0,2.688,0.009,3.637,0.052c0.877,0.04,1.354,0.187,1.671,0.31c0.42,0.163,0.72,0.358,1.035,0.673 c0.315,0.315,0.51,0.615,0.673,1.035c0.123,0.317,0.27,0.794,0.31,1.671c0.043,0.949,0.052,1.234,0.052,3.637 s-0.009,2.688-0.052,3.637c-0.04,0.877-0.187,1.354-0.31,1.671c-0.163,0.42-0.358,0.72-0.673,1.035 c-0.315,0.315-0.615,0.51-1.035,0.673c-0.317,0.123-0.794,0.27-1.671,0.31c-0.949,0.043-1.233,0.052-3.637,0.052 s-2.688-0.009-3.637-0.052c-0.877-0.04-1.354-0.187-1.671-0.31c-0.42-0.163-0.72-0.358-1.035-0.673 c-0.315-0.315-0.51-0.615-0.673-1.035c-0.123-0.317-0.27-0.794-0.31-1.671C4.631,14.688,4.622,14.403,4.622,12 s0.009-2.688,0.052-3.637c0.04-0.877,0.187-1.354,0.31-1.671c0.163-0.42,0.358-0.72,0.673-1.035 c0.315-0.315,0.615-0.51,1.035-0.673c0.317-0.123,0.794-0.27,1.671-0.31C9.312,4.631,9.597,4.622,12,4.622 M12,3 C9.556,3,9.249,3.01,8.289,3.054C7.331,3.098,6.677,3.25,6.105,3.472C5.513,3.702,5.011,4.01,4.511,4.511 c-0.5,0.5-0.808,1.002-1.038,1.594C3.25,6.677,3.098,7.331,3.054,8.289C3.01,9.249,3,9.556,3,12c0,2.444,0.01,2.751,0.054,3.711 c0.044,0.958,0.196,1.612,0.418,2.185c0.23,0.592,0.538,1.094,1.038,1.594c0.5,0.5,1.002,0.808,1.594,1.038 c0.572,0.222,1.227,0.375,2.185,0.418C9.249,20.99,9.556,21,12,21s2.751-0.01,3.711-0.054c0.958-0.044,1.612-0.196,2.185-0.418 c0.592-0.23,1.094-0.538,1.594-1.038c0.5-0.5,0.808-1.002,1.038-1.594c0.222-0.572,0.375-1.227,0.418-2.185 C20.99,14.751,21,14.444,21,12s-0.01-2.751-0.054-3.711c-0.044-0.958-0.196-1.612-0.418-2.185c-0.23-0.592-0.538-1.094-1.038-1.594 c-0.5-0.5-1.002-0.808-1.594-1.038c-0.572-0.222-1.227-0.375-2.185-0.418C14.751,3.01,14.444,3,12,3L12,3z M12,7.378 c-2.552,0-4.622,2.069-4.622,4.622S9.448,16.622,12,16.622s4.622-2.069,4.622-4.622S14.552,7.378,12,7.378z M12,15 c-1.657,0-3-1.343-3-3s1.343-3,3-3s3,1.343,3,3S13.657,15,12,15z M16.804,6.116c-0.596,0-1.08,0.484-1.08,1.08 s0.484,1.08,1.08,1.08c0.596,0,1.08-0.484,1.08-1.08S17.401,6.116,16.804,6.116z\"><\/path><\/svg><span class=\"wp-block-social-link-label screen-reader-text\">Instagram<\/span><\/a><\/li>\n\n<li style=\"color:#000000;background-color:#0000000d;\" class=\"wp-social-link wp-social-link-facebook has-secondary-foreground-color wp-block-social-link\"><a href=\"#\" class=\"wp-block-social-link-anchor\"><svg width=\"24\" height=\"24\" viewbox=\"0 0 24 24\" version=\"1.1\" xmlns=\"http:\/\/www.w3.org\/2000\/svg\" aria-hidden=\"true\" focusable=\"false\"><path d=\"M12 2C6.5 2 2 6.5 2 12c0 5 3.7 9.1 8.4 9.9v-7H7.9V12h2.5V9.8c0-2.5 1.5-3.9 3.8-3.9 1.1 0 2.2.2 2.2.2v2.5h-1.3c-1.2 0-1.6.8-1.6 1.6V12h2.8l-.4 2.9h-2.3v7C18.3 21.1 22 17 22 12c0-5.5-4.5-10-10-10z\"><\/path><\/svg><span class=\"wp-block-social-link-label screen-reader-text\">Facebook<\/span><\/a><\/li><\/ul>\n<\/div>\n<\/div>\n\n\n\n<div class=\"wp-block-column is-vertically-aligned-top is-layout-flow wp-container-core-column-is-layout-369f67fb wp-block-column-is-layout-flow\">\n<h2 class=\"wp-block-heading nfd-text-lg nfd-text-current has-text-align-left\">Location<\/h2>\n\n\n\n<iframe src=\"https:\/\/www.google.com\/maps\/embed?pb=!1m18!1m12!1m3!1d3762.5262761397485!2d-99.17640922478562!3d19.432863781846592!2m3!1f0!2f0!3f0!3m2!1i1024!2i768!4f13.1!3m3!1m2!1s0x85d1ff37597b2a01%3A0xd8bca12865e647dd!2sCl%C3%ADnica%20del%20Viajero%20Dr.%20Baruch%20D%C3%ADaz!5e0!3m2!1ses-419!2smx!4v1742576018945!5m2!1ses-419!2smx\" width=\"100%\" height=\"300\" style=\"border:0;\" allowfullscreen=\"\" loading=\"lazy\" referrerpolicy=\"no-referrer-when-downgrade\"><\/iframe>\n<\/div>\n<\/div>\n<\/div>\n\n\n\n<div class=\"nfd-container nfd-p-md nfd-wb-call-to-action__cta-22 wp-block-group is-layout-constrained wp-container-core-group-is-layout-f36bc466 wp-block-group-is-layout-constrained\">\n<div class=\"nfd-p-card-md nfd-gap-xl nfd-shadow-xs  nfd-rounded is-style-nfd-theme-light wp-block-group is-content-justification-space-between is-layout-flex wp-container-core-group-is-layout-9366075c wp-block-group-is-layout-flex\">\n<div class=\"nfd-gap-md wp-block-group is-layout-flex wp-block-group-is-layout-flex\">\n<div class=\"nfd-gap-0 wp-block-group is-vertical is-layout-flex wp-container-core-group-is-layout-fe9cc265 wp-block-group-is-layout-flex\">\n<p class=\"nfd-text-md\" style=\"font-style:normal;font-weight:600\">Planning a trip soon? <\/p>\n\n\n\n<p class=\"nfd-text-base nfd-text-faded\">Send us a message \u2014 we\u2019ll help you get fully prepared with the right information and protection.<\/p>\n<\/div>\n<\/div>\n\n\n\n<div class=\"wp-block-buttons is-layout-flex wp-block-buttons-is-layout-flex\">\n<div class=\"nfd-btn-wide nfd-rounded-full wp-block-button\"><a class=\"wp-block-button__link has-midnight-gradient-background has-background wp-element-button\" href=\"https:\/\/wa.me\/525621058956?text=Hola%2C%20me%20gustar%C3%ADa%20prepararme%20para%20mi%20viaje%20con%20el%20acompa%C3%B1amiento%20de%20la%20Cl%C3%ADnica%20del%20Viajero.%20%C2%BFPodr%C3%ADan%20orientarme%3F\">Chat on WhatsApp<\/a><\/div>\n<\/div>\n<\/div>\n<\/div>\n\n\n\n<div class=\"nfd-container nfd-p-lg nfd-text-base is-style-nfd-theme-light wp-block-group alignwide nfd-wb-animate nfd-wb-fade-in-bottom is-layout-flow wp-container-core-group-is-layout-330ce275 wp-block-group-is-layout-flow\">\n<div class=\"nfd-gap-lg wp-block-group is-vertical is-content-justification-center is-layout-flex wp-container-core-group-is-layout-fa38c63a wp-block-group-is-layout-flex\">\n<div class=\"wp-block-group is-nowrap is-layout-flex wp-container-core-group-is-layout-6c531013 wp-block-group-is-layout-flex\">\n<div class=\"nfd-shadow-xs nfd-rounded-full is-style-nfd-theme-white wp-block-group is-layout-constrained wp-container-core-group-is-layout-c4486197 wp-block-group-is-layout-constrained\" style=\"padding-top:6px;padding-right:16px;padding-bottom:6px;padding-left:16px\">\n<p class=\"nfd-text-xs\" style=\"font-style:normal;font-weight:600;text-transform:uppercase\">Frequently Asked Questions<\/p>\n<\/div>\n<\/div>\n\n\n\n<h2 class=\"wp-block-heading nfd-text-huge nfd-text-contrast nfd-text-balance has-text-align-center\">Do you have questions? We\u2019re here to answer them.<\/h2>\n<\/div>\n\n\n\n<div class=\"nfd-container nfd-theme-light nfd-bg-surface is-style-nfd-theme-light wp-block-group is-layout-constrained wp-block-group-is-layout-constrained\">\n<div class=\"wp-block-columns is-layout-flex wp-container-core-columns-is-layout-28f84493 wp-block-columns-is-layout-flex\">\n<div class=\"wp-block-column is-layout-flow wp-block-column-is-layout-flow\">\n<details class=\"nfd-text-md nfd-p-card-sm nfd-rounded nfd-text-contrast nfd-shadow-xs wp-block-details has-base-background-color has-background is-layout-flow wp-block-details-is-layout-flow\" style=\"border-width:1px;font-style:normal;font-weight:500\"><summary>Do I need an appointment to be seen at the Travel Clinic?<\/summary>\n<p class=\"nfd-text-base nfd-text-faded\" style=\"margin-top:var(--wp--preset--spacing--10);font-style:normal;font-weight:400\"><strong>Yes.<\/strong> You must schedule an appointment in advance to be seen at the Travel Clinic.\nAll consultations and services are provided by appointment only. contact the clinic directly via phone or WhatsApp at: +52 56 2105 8956<\/p>\n<\/details>\n\n\n\n<details class=\"nfd-text-md nfd-p-card-sm nfd-rounded nfd-text-contrast nfd-shadow-xs wp-block-details has-base-background-color has-background is-layout-flow wp-block-details-is-layout-flow\" style=\"border-width:1px;font-style:normal;font-weight:500\"><summary>What services do you provide before traveling?<\/summary>\n<p class=\"nfd-text-base nfd-text-faded\" style=\"margin-top:var(--wp--preset--spacing--10);font-style:normal;font-weight:400\">We provide preventive medical consultations, destination-specific advice, international vaccinations, and the issuance of valid vaccination certificates required for entry into other countries.<\/p>\n<\/details>\n\n\n\n<details class=\"nfd-text-md nfd-p-card-sm nfd-rounded nfd-text-contrast nfd-shadow-xs wp-block-details has-base-background-color has-background is-layout-flow wp-block-details-is-layout-flow\" style=\"border-width:1px;font-style:normal;font-weight:500\"><summary>Are all vaccines available at the clinic?<\/summary>\n<p class=\"nfd-text-base nfd-text-faded\" style=\"margin-top:var(--wp--preset--spacing--10);font-style:normal;font-weight:400\">We administer a wide range of recommended and required travel vaccines, such as yellow fever, hepatitis A and B, typhoid fever, influenza, tetanus, and more. Some vaccines may be subject to availability.<\/p>\n<\/details>\n\n\n\n<details class=\"nfd-text-md nfd-p-card-sm nfd-rounded nfd-text-contrast nfd-shadow-xs wp-block-details has-base-background-color has-background is-layout-flow wp-block-details-is-layout-flow\" style=\"border-width:1px;font-style:normal;font-weight:500\"><summary>How can I request an invoice or certificate?<br><\/summary>\n<p class=\"nfd-text-base nfd-text-faded\" style=\"margin-top:var(--wp--preset--spacing--10);font-style:normal;font-weight:400\">You can easily request it via WhatsApp or email. Just make sure to provide your full details and specify the service you received.<\/p>\n<\/details>\n<\/div>\n\n\n\n<div class=\"wp-block-column is-layout-flow wp-block-column-is-layout-flow\">\n<details class=\"nfd-text-md nfd-p-card-sm nfd-rounded nfd-text-contrast nfd-shadow-xs wp-block-details has-base-background-color has-background is-layout-flow wp-block-details-is-layout-flow\" style=\"border-width:1px;font-style:normal;font-weight:500\"><summary>Can you issue international vaccination certificates?<\/summary>\n<p class=\"nfd-text-base nfd-text-faded\" style=\"margin-top:var(--wp--preset--spacing--10);font-style:normal;font-weight:400\"><strong>Yes.<\/strong> We issue internationally valid certificates, including the yellow fever certificate, which is required for entry into certain countries.<\/p>\n<\/details>\n\n\n\n<details class=\"nfd-text-md nfd-p-card-sm nfd-rounded nfd-text-contrast nfd-shadow-xs wp-block-details has-base-background-color has-background is-layout-flow wp-block-details-is-layout-flow\" style=\"border-width:1px;font-style:normal;font-weight:500\"><summary>Do you attend to children, pregnant women, or people with chronic illnesses?<\/summary>\n<p class=\"nfd-text-base nfd-text-faded\" style=\"margin-top:var(--wp--preset--spacing--10);font-style:normal;font-weight:400\"><strong>Yes.<\/strong> We provide care for travelers with special conditions, tailoring recommendations and vaccinations according to their specific needs.<\/p>\n<\/details>\n\n\n\n<details class=\"nfd-text-md nfd-p-card-sm nfd-rounded nfd-text-contrast nfd-shadow-xs wp-block-details has-base-background-color has-background is-layout-flow wp-block-details-is-layout-flow\" style=\"border-width:1px;font-style:normal;font-weight:500\"><summary>Where are you located?<\/summary>\n<p class=\"nfd-text-base nfd-text-faded\" style=\"margin-top:var(--wp--preset--spacing--10);font-style:normal;font-weight:400\">We are located at <strong>Av. Ej\u00e9rcito Nacional 42, Colonia Anzures, Alcald\u00eda Miguel Hidalgo, CDMX<\/strong>. You can view our location on the map on the contact page.<\/p>\n<\/details>\n\n\n\n<details class=\"nfd-text-md nfd-p-card-sm nfd-rounded nfd-text-contrast nfd-shadow-xs wp-block-details has-base-background-color has-background is-layout-flow wp-block-details-is-layout-flow\" style=\"border-width:1px;font-style:normal;font-weight:500\"><summary>Is English-speaking assistance available?<br><\/summary>\n<p class=\"nfd-text-base nfd-text-faded\" style=\"margin-top:var(--wp--preset--spacing--10);font-style:normal;font-weight:400\"><strong>Yes.<\/strong> We also provide service in English for international travelers or foreign patients. Just let us know!<\/p>\n<\/details>\n<\/div>\n<\/div>\n<\/div>\n<\/div>\n\n\n\n<p class=\"\"><\/p>","protected":false},"excerpt":{"rendered":"<p>CONT\u00c1CTANOS Estamos para ayudarte antes, durante y despu\u00e9s de tu viaje HORARIO Lun &#8211; Vie8:00 am \u2014 9:00 pm S\u00e1b8:00 am \u2014 5:00 pm DomCerrado Contacto Emailrecepcion@clinicadelviajero.mx Tel\u00e9fono(+52) 56-2105-8956 Ubicaci\u00f3n \u00bfVas a viajar pronto? Escr\u00edbenos y te ayudamos a prepararte con toda la informaci\u00f3n y protecci\u00f3n necesarias. Preguntas frecuentes Tienes preguntas? Te damos respuesta.<\/p>","protected":false},"author":1,"featured_media":0,"parent":0,"menu_order":0,"comment_status":"closed","ping_status":"closed","template":"no-title","meta":{"nf_dc_page":"contact","footnotes":""},"class_list":["post-16","page","type-page","status-publish","hentry"],"_links":{"self":[{"href":"https:\/\/clinicadelviajero.mx\/en\/wp-json\/wp\/v2\/pages\/16","targetHints":{"allow":["GET"]}}],"collection":[{"href":"https:\/\/clinicadelviajero.mx\/en\/wp-json\/wp\/v2\/pages"}],"about":[{"href":"https:\/\/clinicadelviajero.mx\/en\/wp-json\/wp\/v2\/types\/page"}],"author":[{"embeddable":true,"href":"https:\/\/clinicadelviajero.mx\/en\/wp-json\/wp\/v2\/users\/1"}],"replies":[{"embeddable":true,"href":"https:\/\/clinicadelviajero.mx\/en\/wp-json\/wp\/v2\/comments?post=16"}],"version-history":[{"count":3,"href":"https:\/\/clinicadelviajero.mx\/en\/wp-json\/wp\/v2\/pages\/16\/revisions"}],"predecessor-version":[{"id":205,"href":"https:\/\/clinicadelviajero.mx\/en\/wp-json\/wp\/v2\/pages\/16\/revisions\/205"}],"wp:attachment":[{"href":"https:\/\/clinicadelviajero.mx\/en\/wp-json\/wp\/v2\/media?parent=16"}],"curies":[{"name":"wp","href":"https:\/\/api.w.org\/{rel}","templated":true}]}}