{"id":13,"date":"2024-05-03T21:14:42","date_gmt":"2024-05-03T21:14:42","guid":{"rendered":"https:\/\/vacunas.health\/immunization-programs\/"},"modified":"2025-03-27T00:36:18","modified_gmt":"2025-03-27T00:36:18","slug":"servicios","status":"publish","type":"page","link":"https:\/\/clinicadelviajero.mx\/en\/servicios\/","title":{"rendered":"Services"},"content":{"rendered":"<div style=\"background-image:url(&apos;https:\/\/clinicadelviajero.mx\/wp-content\/uploads\/2025\/03\/Sitio-web-clinicadelviajero.mx-4-3.png&apos;);background-position:65% 56.00000000000001%;background-size:cover;\" class=\"nfd-container nfd-text-md nfd-p-lg wp-block-group has-white-color has-text-color is-layout-flow wp-container-core-group-is-layout-634f0b9d wp-block-group-is-layout-flow has-background\">\n<div class=\"wp-block-group is-layout-constrained wp-container-core-group-is-layout-1e17d720 wp-block-group-is-layout-constrained\">\n<p class=\"nfd-text-sm nfd-text-secondary has-text-align-center has-base-color has-text-color has-link-color wp-elements-bfd5ee39e6660123ebfcb4cc3a042fb3\" style=\"font-style:normal;font-weight:600;letter-spacing:0.05em;text-transform:uppercase\">Servicios M\u00e9dicos Especializados para Viajeros<\/p>\n\n\n\n<figure class=\"wp-block-image aligncenter size-full\"><img loading=\"lazy\" decoding=\"async\" width=\"717\" height=\"394\" src=\"https:\/\/clinicadelviajero.mx\/wp-content\/uploads\/2025\/03\/Sitio-web-clinicadelviajero.mx-3-3.png\" alt=\"\" class=\"wp-image-128\" srcset=\"https:\/\/clinicadelviajero.mx\/wp-content\/uploads\/2025\/03\/Sitio-web-clinicadelviajero.mx-3-3.png 717w, https:\/\/clinicadelviajero.mx\/wp-content\/uploads\/2025\/03\/Sitio-web-clinicadelviajero.mx-3-3-300x165.png 300w, https:\/\/clinicadelviajero.mx\/wp-content\/uploads\/2025\/03\/Sitio-web-clinicadelviajero.mx-3-3-18x10.png 18w, https:\/\/clinicadelviajero.mx\/wp-content\/uploads\/2025\/03\/Sitio-web-clinicadelviajero.mx-3-3-600x330.png 600w\" sizes=\"auto, (max-width: 717px) 100vw, 717px\" \/><\/figure>\n<\/div>\n\n\n\n<div class=\"nfd-text-opacity-80 wp-block-group is-layout-constrained wp-container-core-group-is-layout-081cea82 wp-block-group-is-layout-constrained\">\n<p class=\"has-text-align-center has-base-color has-text-color has-link-color wp-elements-646c94a46e1a44f685756523ac4394cc\">Prepara tu viaje con la tranquilidad de estar protegido. Ofrecemos atenci\u00f3n m\u00e9dica preventiva, vacunaci\u00f3n internacional y asesor\u00eda personalizada con base en tu destino y salud.<\/p>\n\n\n\n<div class=\"nfd-text-base md:nfd-justify-start wp-block-buttons is-vertical is-content-justification-center is-layout-flex wp-container-core-buttons-is-layout-037ab085 wp-block-buttons-is-layout-flex\" style=\"margin-top:24px\">\n<div class=\"is-style-outline wp-block-button is-style-outline--1\" style=\"font-style:normal;font-weight:500;line-height:1.5\"><a class=\"wp-block-button__link has-background wp-element-button\" href=\"https:\/\/wa.me\/525621058956?text=Hola%2C%20quisiera%20solicitar%20informes%20sobre%20los%20servicios%20de%20la%20Cl%C3%ADnica%20del%20Viajero.%20%C2%BFPodr%C3%ADan%20ayudarme%3F\" style=\"border-radius:0px;background:linear-gradient(135deg,rgba(3,3,130,0.42) 0%,rgba(40,118,252,0.39) 100%);padding-top:20px;padding-right:40px;padding-bottom:20px;padding-left:40px\">Ask for details<\/a><\/div>\n\n\n\n<div class=\"nfd-text-secondary is-style-outline wp-block-button is-style-outline--2\" style=\"font-style:normal;font-weight:500;line-height:1.5\"><a class=\"wp-block-button__link has-base-color has-text-color has-background has-link-color has-border-color has-base-border-color has-text-align-center wp-element-button\" href=\"https:\/\/wa.me\/525621058956?text=Hola%2C%20quiero%20solicitar%20mi%20certificado%20de%20vacunaci%C3%B3n%20o%20una%20factura%20por%20los%20servicios%20recibidos.%20%C2%BFMe%20pueden%20ayudar%3F\" style=\"background:linear-gradient(270deg,rgba(161,86,204,0.41) 0%,rgba(235,56,98,0.65) 100%);padding-top:0px;padding-right:0px;padding-bottom:0px;padding-left:0px\">Solicita tu certificado o factura<\/a><\/div>\n<\/div>\n<\/div>\n<\/div>\n\n\n\n<div class=\"nfd-container nfd-p-lg nfd-wb-features__features-42 wp-block-group is-layout-constrained wp-block-group-is-layout-constrained\">\n<div class=\"wp-block-group is-layout-constrained wp-container-core-group-is-layout-f36bc466 wp-block-group-is-layout-constrained\">\n<div class=\"nfd-gap-lg wp-block-group is-vertical is-content-justification-stretch is-layout-flex wp-container-core-group-is-layout-353c4f5a wp-block-group-is-layout-flex\">\n<div class=\"nfd-rounded nfd-overflow-hidden is-style-nfd-theme-light wp-block-group is-layout-constrained wp-block-group-is-layout-constrained\">\n<div class=\"nfd-gap-0  wp-block-columns is-layout-flex wp-container-core-columns-is-layout-28f84493 wp-block-columns-is-layout-flex\">\n<div class=\"wp-block-column is-vertically-aligned-stretch is-layout-flow wp-block-column-is-layout-flow\" style=\"flex-basis:33.3%\">\n<div class=\"wp-block-cover is-light\" style=\"min-height:100%;aspect-ratio:unset;\"><span aria-hidden=\"true\" class=\"wp-block-cover__background has-background-dim-10 has-background-dim\" style=\"background-color:#4d6845\"><\/span><img loading=\"lazy\" decoding=\"async\" width=\"400\" height=\"400\" class=\"wp-block-cover__image-background wp-image-151\" alt=\"\" src=\"https:\/\/clinicadelviajero.mx\/wp-content\/uploads\/2025\/03\/Sitio-web-clinicadelviajero.mx-14-1.png\" data-object-fit=\"cover\" srcset=\"https:\/\/clinicadelviajero.mx\/wp-content\/uploads\/2025\/03\/Sitio-web-clinicadelviajero.mx-14-1.png 400w, https:\/\/clinicadelviajero.mx\/wp-content\/uploads\/2025\/03\/Sitio-web-clinicadelviajero.mx-14-1-300x300.png 300w, https:\/\/clinicadelviajero.mx\/wp-content\/uploads\/2025\/03\/Sitio-web-clinicadelviajero.mx-14-1-150x150.png 150w, https:\/\/clinicadelviajero.mx\/wp-content\/uploads\/2025\/03\/Sitio-web-clinicadelviajero.mx-14-1-12x12.png 12w\" sizes=\"auto, (max-width: 400px) 100vw, 400px\" \/><div class=\"wp-block-cover__inner-container is-layout-flow wp-block-cover-is-layout-flow\">\n<div style=\"height:150px\" aria-hidden=\"true\" class=\"wp-block-spacer\"><\/div>\n<\/div><\/div>\n<\/div>\n\n\n\n<div class=\"nfd-p-card-md wp-block-column is-vertically-aligned-stretch is-layout-flow wp-block-column-is-layout-flow\" style=\"flex-basis:66.66%\">\n<div class=\"nfd-h-full wp-block-group is-vertical is-layout-flex wp-container-core-group-is-layout-0bc941e6 wp-block-group-is-layout-flex\">\n<div class=\"wp-block-group is-vertical is-layout-flex wp-container-core-group-is-layout-90752e8f wp-block-group-is-layout-flex\">\n<p class=\"nfd-text-md nfd-text-contrast\"><strong>Consulta M\u00e9dica Previa al Viaje<\/strong><\/p>\n\n\n\n<p class=\"nfd-text-base nfd-text-faded nfd-text-balance\">Evaluaci\u00f3n integral antes de tu salida. Identificamos riesgos sanitarios en funci\u00f3n del pa\u00eds que visitas, tu salud actual y el tipo de viaje. Incluye recomendaciones espec\u00edficas y esquema de vacunas.<\/p>\n<\/div>\n\n\n\n<hr class=\"is-style-wide wp-block-separator has-alpha-channel-opacity\"\/>\n\n\n\n<div class=\"nfd-text-sm nfd-text-faded nfd-w-full wp-block-group is-content-justification-space-between is-layout-flex wp-container-core-group-is-layout-9366075c wp-block-group-is-layout-flex\">\n<p class=\"\">Lunes-Viernes 17 a 21h, S\u00e1bados  9-17h<\/p>\n\n\n\n<p class=\"\"><a href=\"https:\/\/wa.me\/525621058956?text=Hola%2C%20me%20gustar%C3%ADa%20agendar%20una%20consulta%20en%20la%20Cl%C3%ADnica%20del%20Viajero.\" data-type=\"link\" data-id=\"https:\/\/wa.me\/525621058956?text=Hola%2C%20me%20gustar%C3%ADa%20agendar%20una%20consulta%20en%20la%20Cl%C3%ADnica%20del%20Viajero.\">Agenda cita<\/a><\/p>\n<\/div>\n<\/div>\n<\/div>\n<\/div>\n<\/div>\n\n\n\n<div class=\"nfd-rounded nfd-overflow-hidden is-style-nfd-theme-light wp-block-group is-layout-constrained wp-block-group-is-layout-constrained\">\n<div class=\"nfd-gap-0  wp-block-columns is-layout-flex wp-container-core-columns-is-layout-28f84493 wp-block-columns-is-layout-flex\">\n<div class=\"wp-block-column is-vertically-aligned-stretch is-layout-flow wp-block-column-is-layout-flow\" style=\"flex-basis:33.3%\">\n<div class=\"wp-block-cover is-light\" style=\"min-height:100%;aspect-ratio:unset;\"><span aria-hidden=\"true\" class=\"wp-block-cover__background has-background-dim-10 has-background-dim\" style=\"background-color:#4d6845\"><\/span><img loading=\"lazy\" decoding=\"async\" width=\"400\" height=\"400\" class=\"wp-block-cover__image-background wp-image-152\" alt=\"\" src=\"https:\/\/clinicadelviajero.mx\/wp-content\/uploads\/2025\/03\/Sitio-web-clinicadelviajero.mx-14-2.png\" data-object-fit=\"cover\" srcset=\"https:\/\/clinicadelviajero.mx\/wp-content\/uploads\/2025\/03\/Sitio-web-clinicadelviajero.mx-14-2.png 400w, https:\/\/clinicadelviajero.mx\/wp-content\/uploads\/2025\/03\/Sitio-web-clinicadelviajero.mx-14-2-300x300.png 300w, https:\/\/clinicadelviajero.mx\/wp-content\/uploads\/2025\/03\/Sitio-web-clinicadelviajero.mx-14-2-150x150.png 150w, https:\/\/clinicadelviajero.mx\/wp-content\/uploads\/2025\/03\/Sitio-web-clinicadelviajero.mx-14-2-12x12.png 12w\" sizes=\"auto, (max-width: 400px) 100vw, 400px\" \/><div class=\"wp-block-cover__inner-container is-layout-flow wp-block-cover-is-layout-flow\">\n<div style=\"height:150px\" aria-hidden=\"true\" class=\"wp-block-spacer\"><\/div>\n<\/div><\/div>\n<\/div>\n\n\n\n<div class=\"nfd-p-card-md wp-block-column is-vertically-aligned-stretch is-layout-flow wp-block-column-is-layout-flow\" style=\"flex-basis:66.66%\">\n<div class=\"nfd-h-full wp-block-group is-vertical is-layout-flex wp-container-core-group-is-layout-0bc941e6 wp-block-group-is-layout-flex\">\n<div class=\"wp-block-group is-vertical is-layout-flex wp-container-core-group-is-layout-90752e8f wp-block-group-is-layout-flex\">\n<p class=\"nfd-text-md nfd-text-contrast\"><strong>International Vaccination<\/strong><\/p>\n\n\n\n<p class=\"nfd-text-base nfd-text-faded nfd-text-balance\">Aplicaci\u00f3n de vacunas exigidas o recomendadas por destino. Incluye fiebre amarilla, hepatitis A y B, fiebre tifoidea, influenza, t\u00e9tanos, rabia, entre otras. Emitimos certificado internacional de vacunaci\u00f3n.<\/p>\n<\/div>\n\n\n\n<hr class=\"is-style-wide wp-block-separator has-alpha-channel-opacity\"\/>\n\n\n\n<div class=\"nfd-text-sm nfd-text-faded nfd-w-full wp-block-group is-content-justification-space-between is-layout-flex wp-container-core-group-is-layout-9366075c wp-block-group-is-layout-flex\">\n<p class=\"\">Lunes-Viernes 17 a 21h, S\u00e1bados  9-17h<\/p>\n\n\n\n<p class=\"\"><a href=\"https:\/\/wa.me\/525621058956?text=Hola%2C%20me%20gustar%C3%ADa%20agendar%20una%20consulta%20en%20la%20Cl%C3%ADnica%20del%20Viajero.\" data-type=\"link\" data-id=\"https:\/\/wa.me\/525621058956?text=Hola%2C%20me%20gustar%C3%ADa%20agendar%20una%20consulta%20en%20la%20Cl%C3%ADnica%20del%20Viajero.\">Agenda cita<\/a><\/p>\n<\/div>\n<\/div>\n<\/div>\n<\/div>\n<\/div>\n\n\n\n<div class=\"nfd-rounded nfd-overflow-hidden is-style-nfd-theme-light wp-block-group is-layout-constrained wp-block-group-is-layout-constrained\">\n<div class=\"nfd-gap-0  wp-block-columns is-layout-flex wp-container-core-columns-is-layout-28f84493 wp-block-columns-is-layout-flex\">\n<div class=\"wp-block-column is-vertically-aligned-stretch is-layout-flow wp-block-column-is-layout-flow\" style=\"flex-basis:33.3%\">\n<div class=\"wp-block-cover\" style=\"min-height:100%;aspect-ratio:unset;\"><span aria-hidden=\"true\" class=\"wp-block-cover__background has-background-dim-10 has-background-dim\" style=\"background-color:#4d6845\"><\/span><img loading=\"lazy\" decoding=\"async\" width=\"400\" height=\"400\" class=\"wp-block-cover__image-background wp-image-153\" alt=\"\" src=\"https:\/\/clinicadelviajero.mx\/wp-content\/uploads\/2025\/03\/Sitio-web-clinicadelviajero.mx-14-3.png\" data-object-fit=\"cover\" srcset=\"https:\/\/clinicadelviajero.mx\/wp-content\/uploads\/2025\/03\/Sitio-web-clinicadelviajero.mx-14-3.png 400w, https:\/\/clinicadelviajero.mx\/wp-content\/uploads\/2025\/03\/Sitio-web-clinicadelviajero.mx-14-3-300x300.png 300w, https:\/\/clinicadelviajero.mx\/wp-content\/uploads\/2025\/03\/Sitio-web-clinicadelviajero.mx-14-3-150x150.png 150w, https:\/\/clinicadelviajero.mx\/wp-content\/uploads\/2025\/03\/Sitio-web-clinicadelviajero.mx-14-3-12x12.png 12w\" sizes=\"auto, (max-width: 400px) 100vw, 400px\" \/><div class=\"wp-block-cover__inner-container is-layout-flow wp-block-cover-is-layout-flow\">\n<div style=\"height:150px\" aria-hidden=\"true\" class=\"wp-block-spacer\"><\/div>\n<\/div><\/div>\n<\/div>\n\n\n\n<div class=\"nfd-p-card-md wp-block-column is-vertically-aligned-stretch is-layout-flow wp-block-column-is-layout-flow\" style=\"flex-basis:66.66%\">\n<div class=\"nfd-h-full wp-block-group is-vertical is-layout-flex wp-container-core-group-is-layout-0bc941e6 wp-block-group-is-layout-flex\">\n<div class=\"wp-block-group is-vertical is-layout-flex wp-container-core-group-is-layout-90752e8f wp-block-group-is-layout-flex\">\n<p class=\"nfd-text-md nfd-text-contrast\"><strong>Educaci\u00f3n y Consejer\u00eda para Viajeros<\/strong><\/p>\n\n\n\n<p class=\"nfd-text-base nfd-text-faded nfd-text-balance\">Talleres, charlas y orientaci\u00f3n sobre salud preventiva. Dirigido a universidades, grupos escolares, empresas, viajeros frecuentes y agencias de viajes.<\/p>\n<\/div>\n\n\n\n<hr class=\"is-style-wide wp-block-separator has-alpha-channel-opacity\"\/>\n\n\n\n<div class=\"nfd-text-sm nfd-text-faded nfd-w-full wp-block-group is-content-justification-space-between is-layout-flex wp-container-core-group-is-layout-9366075c wp-block-group-is-layout-flex\">\n<p class=\"\">Lunes-Viernes 17 a 21h, S\u00e1bados  9-17h<\/p>\n\n\n\n<p class=\"\"><a href=\"https:\/\/wa.me\/525621058956?text=Hola%2C%20me%20gustar%C3%ADa%20agendar%20una%20consulta%20en%20la%20Cl%C3%ADnica%20del%20Viajero.\" data-type=\"link\" data-id=\"https:\/\/wa.me\/525621058956?text=Hola%2C%20me%20gustar%C3%ADa%20agendar%20una%20consulta%20en%20la%20Cl%C3%ADnica%20del%20Viajero.\">Agenda cita<\/a><\/p>\n<\/div>\n<\/div>\n<\/div>\n<\/div>\n\n\n\n<div class=\"nfd-gap-0  wp-block-columns is-layout-flex wp-container-core-columns-is-layout-28f84493 wp-block-columns-is-layout-flex\">\n<div class=\"wp-block-column is-vertically-aligned-stretch is-layout-flow wp-block-column-is-layout-flow\" style=\"flex-basis:33.3%\">\n<div class=\"wp-block-cover\" style=\"min-height:100%;aspect-ratio:unset;\"><span aria-hidden=\"true\" class=\"wp-block-cover__background has-background-dim-10 has-background-dim\" style=\"background-color:#4d6845\"><\/span><img loading=\"lazy\" decoding=\"async\" width=\"400\" height=\"400\" class=\"wp-block-cover__image-background wp-image-154\" alt=\"\" src=\"https:\/\/clinicadelviajero.mx\/wp-content\/uploads\/2025\/03\/Sitio-web-clinicadelviajero.mx-14-4.png\" style=\"object-position:54% 95%\" data-object-fit=\"cover\" data-object-position=\"54% 95%\" srcset=\"https:\/\/clinicadelviajero.mx\/wp-content\/uploads\/2025\/03\/Sitio-web-clinicadelviajero.mx-14-4.png 400w, https:\/\/clinicadelviajero.mx\/wp-content\/uploads\/2025\/03\/Sitio-web-clinicadelviajero.mx-14-4-300x300.png 300w, https:\/\/clinicadelviajero.mx\/wp-content\/uploads\/2025\/03\/Sitio-web-clinicadelviajero.mx-14-4-150x150.png 150w, https:\/\/clinicadelviajero.mx\/wp-content\/uploads\/2025\/03\/Sitio-web-clinicadelviajero.mx-14-4-12x12.png 12w\" sizes=\"auto, (max-width: 400px) 100vw, 400px\" \/><div class=\"wp-block-cover__inner-container is-layout-flow wp-block-cover-is-layout-flow\">\n<div style=\"height:150px\" aria-hidden=\"true\" class=\"wp-block-spacer\"><\/div>\n<\/div><\/div>\n<\/div>\n\n\n\n<div class=\"nfd-p-card-md wp-block-column is-vertically-aligned-stretch is-layout-flow wp-block-column-is-layout-flow\" style=\"flex-basis:66.66%\">\n<div class=\"nfd-h-full wp-block-group is-vertical is-layout-flex wp-container-core-group-is-layout-0bc941e6 wp-block-group-is-layout-flex\">\n<div class=\"wp-block-group is-vertical is-layout-flex wp-container-core-group-is-layout-90752e8f wp-block-group-is-layout-flex\">\n<p class=\"nfd-text-md nfd-text-contrast\"><strong>Nutrition for Expats<\/strong><\/p>\n\n\n\n<p class=\"nfd-text-base nfd-text-faded nfd-text-balance\">Ofrecemos asesor\u00eda nutricional personalizada para personas que viven fuera de su pa\u00eds. Te ayudamos a comer rico y saludable, adaptando tus h\u00e1bitos a tu nuevo entorno sin perder tu esencia. Planes flexibles, atenci\u00f3n online o presencial y acompa\u00f1amiento real para que te sientas bien, est\u00e9s donde est\u00e9s.<\/p>\n<\/div>\n\n\n\n<hr class=\"is-style-wide wp-block-separator has-alpha-channel-opacity\"\/>\n\n\n\n<div class=\"nfd-text-sm nfd-text-faded nfd-w-full wp-block-group is-content-justification-space-between is-layout-flex wp-container-core-group-is-layout-9366075c wp-block-group-is-layout-flex\">\n<p class=\"\">Lunes-Viernes 17 a 21h, S\u00e1bados  9-17h<\/p>\n\n\n\n<p class=\"\"><a href=\"https:\/\/wa.me\/525621058956?text=Hola%2C%20me%20gustar%C3%ADa%20agendar%20una%20cita%20para%20el%20servicio%20de%20Nutrici%C3%B3n%20N%C3%B3mada.%20%C2%BFPodr%C3%ADan%20orientarme%3F\" data-type=\"link\" data-id=\"https:\/\/wa.me\/525621058956?text=Hola%2C%20me%20gustar%C3%ADa%20agendar%20una%20cita%20para%20el%20servicio%20de%20Nutrici%C3%B3n%20N%C3%B3mada.%20%C2%BFPodr%C3%ADan%20orientarme%3F\">Agenda cita<\/a><\/p>\n<\/div>\n<\/div>\n<\/div>\n<\/div>\n<\/div>\n<\/div>\n<\/div>\n<\/div>\n\n\n\n<div class=\"nfd-container nfd-p-lg nfd-theme-light nfd-bg-surface nfd-wb-features__features-9 is-style-nfd-theme-light nfd-bg-effect-grid wp-block-group is-layout-constrained wp-block-group-is-layout-constrained\">\n<div class=\"nfd-gap-3xl wp-block-columns is-layout-flex wp-container-core-columns-is-layout-28f84493 wp-block-columns-is-layout-flex\">\n<div class=\"wp-block-column is-layout-flow wp-block-column-is-layout-flow\">\n<div class=\"wp-block-group is-vertical is-content-justification-center is-layout-flex wp-container-core-group-is-layout-333ec4aa wp-block-group-is-layout-flex\">\n<h3 class=\"nfd-text-giga nfd-text-primary wp-block-heading has-text-align-center\">12+<\/h3>\n\n\n\n<p class=\"nfd-text-md nfd-text-balance has-text-align-center\">a\u00f1os de experiencia<\/p>\n<\/div>\n<\/div>\n\n\n\n<div class=\"wp-block-column is-layout-flow wp-block-column-is-layout-flow\">\n<div class=\"wp-block-group is-vertical is-content-justification-center is-layout-flex wp-container-core-group-is-layout-333ec4aa wp-block-group-is-layout-flex\">\n<h3 class=\"nfd-text-giga nfd-text-primary wp-block-heading has-text-align-center\">32k+<\/h3>\n\n\n\n<p class=\"nfd-text-md nfd-text-balance has-text-align-center\">viajeros satisfechos<\/p>\n<\/div>\n<\/div>\n\n\n\n<div class=\"wp-block-column is-layout-flow wp-block-column-is-layout-flow\">\n<div class=\"wp-block-group is-vertical is-content-justification-center is-layout-flex wp-container-core-group-is-layout-333ec4aa wp-block-group-is-layout-flex\">\n<h3 class=\"nfd-text-giga nfd-text-primary wp-block-heading has-text-align-center\">5k+<\/h3>\n\n\n\n<p class=\"nfd-text-md nfd-text-balance has-text-align-center\">conferencias y seminarios<\/p>\n<\/div>\n<\/div>\n\n\n\n<div class=\"wp-block-column is-layout-flow wp-block-column-is-layout-flow\">\n<div class=\"wp-block-group is-vertical is-content-justification-center is-layout-flex wp-container-core-group-is-layout-333ec4aa wp-block-group-is-layout-flex\">\n<h3 class=\"nfd-text-giga nfd-text-primary wp-block-heading has-text-align-center\">10+<\/h3>\n\n\n\n<p class=\"nfd-text-md nfd-text-balance has-text-align-center\">certificados y recertificados<\/p>\n<\/div>\n<\/div>\n<\/div>\n<\/div>\n\n\n\n<p class=\"\"><\/p>","protected":false},"excerpt":{"rendered":"<p>Servicios M\u00e9dicos Especializados para Viajeros Prepara tu viaje con la tranquilidad de estar protegido. Ofrecemos atenci\u00f3n m\u00e9dica preventiva, vacunaci\u00f3n internacional y asesor\u00eda personalizada con base en tu destino y salud. Consulta M\u00e9dica Previa al Viaje Evaluaci\u00f3n integral antes de tu salida. Identificamos riesgos sanitarios en funci\u00f3n del pa\u00eds que visitas, tu salud actual y el [&hellip;]<\/p>\n","protected":false},"author":1,"featured_media":0,"parent":0,"menu_order":0,"comment_status":"closed","ping_status":"closed","template":"no-title","meta":{"nf_dc_page":"immunization-programs","footnotes":""},"class_list":["post-13","page","type-page","status-publish","hentry"],"_links":{"self":[{"href":"https:\/\/clinicadelviajero.mx\/en\/wp-json\/wp\/v2\/pages\/13","targetHints":{"allow":["GET"]}}],"collection":[{"href":"https:\/\/clinicadelviajero.mx\/en\/wp-json\/wp\/v2\/pages"}],"about":[{"href":"https:\/\/clinicadelviajero.mx\/en\/wp-json\/wp\/v2\/types\/page"}],"author":[{"embeddable":true,"href":"https:\/\/clinicadelviajero.mx\/en\/wp-json\/wp\/v2\/users\/1"}],"replies":[{"embeddable":true,"href":"https:\/\/clinicadelviajero.mx\/en\/wp-json\/wp\/v2\/comments?post=13"}],"version-history":[{"count":6,"href":"https:\/\/clinicadelviajero.mx\/en\/wp-json\/wp\/v2\/pages\/13\/revisions"}],"predecessor-version":[{"id":166,"href":"https:\/\/clinicadelviajero.mx\/en\/wp-json\/wp\/v2\/pages\/13\/revisions\/166"}],"wp:attachment":[{"href":"https:\/\/clinicadelviajero.mx\/en\/wp-json\/wp\/v2\/media?parent=13"}],"curies":[{"name":"wp","href":"https:\/\/api.w.org\/{rel}","templated":true}]}}