{"id":11,"date":"2024-05-03T21:14:31","date_gmt":"2024-05-03T21:14:31","guid":{"rendered":"https:\/\/vacunas.health\/about\/"},"modified":"2025-03-27T00:42:14","modified_gmt":"2025-03-27T00:42:14","slug":"sobre-la-clinica","status":"publish","type":"page","link":"https:\/\/clinicadelviajero.mx\/en\/sobre-la-clinica\/","title":{"rendered":"Sobre la cl\u00ednica"},"content":{"rendered":"<div style=\"background-image:url(&apos;https:\/\/clinicadelviajero.mx\/wp-content\/uploads\/2025\/03\/Sitio-web-clinicadelviajero.mx-3-6.png&apos;);background-size:cover;\" class=\"nfd-container nfd-my-0 nfd-p-lg is-style-default wp-block-group alignfull has-base-color has-base-background-color has-text-color has-background is-layout-flow wp-container-core-group-is-layout-4002ca1b wp-block-group-is-layout-flow\">\n<div class=\"wp-block-group is-layout-flow wp-block-group-is-layout-flow\" style=\"padding-top:0;padding-right:0;padding-bottom:0;padding-left:0\">\n<p class=\"nfd-text-sm nfd-text-secondary has-text-align-center has-base-color has-text-color has-link-color wp-elements-c8817e779ae6fda606c722d9e8f8a964\" style=\"font-style:normal;font-weight:600;letter-spacing:0.05em;text-transform:uppercase\">ACERCA DE LA CL\u00cdNICA DEL VIAJERO<\/p>\n\n\n\n<figure class=\"wp-block-image aligncenter size-full\"><img loading=\"lazy\" decoding=\"async\" width=\"717\" height=\"394\" src=\"https:\/\/clinicadelviajero.mx\/wp-content\/uploads\/2025\/03\/Sitio-web-clinicadelviajero.mx-3-3.png\" alt=\"\" class=\"wp-image-128\" srcset=\"https:\/\/clinicadelviajero.mx\/wp-content\/uploads\/2025\/03\/Sitio-web-clinicadelviajero.mx-3-3.png 717w, https:\/\/clinicadelviajero.mx\/wp-content\/uploads\/2025\/03\/Sitio-web-clinicadelviajero.mx-3-3-300x165.png 300w, https:\/\/clinicadelviajero.mx\/wp-content\/uploads\/2025\/03\/Sitio-web-clinicadelviajero.mx-3-3-18x10.png 18w, https:\/\/clinicadelviajero.mx\/wp-content\/uploads\/2025\/03\/Sitio-web-clinicadelviajero.mx-3-3-600x330.png 600w\" sizes=\"auto, (max-width: 717px) 100vw, 717px\" \/><\/figure>\n\n\n\n<h2 class=\"wp-block-heading nfd-text-huge nfd-text-current md:nfd-no-br has-text-align-center has-base-color has-text-color has-link-color has-small-font-size wp-elements-08bf46989edd2cdea442c0c06012569f\">Tu salud, nuestro compromiso antes, durante y despu\u00e9s del viaje.<\/h2>\n<\/div>\n<\/div>\n\n\n\n<div class=\"nfd-container nfd-p-lg nfd-theme-white nfd-bg-surface nfd-wb-hero__hero-6 is-style-nfd-theme-white wp-block-group is-layout-constrained wp-block-group-is-layout-constrained\">\n<p class=\"has-text-align-center\">La Cl\u00ednica del Viajero es un espacio especializado en medicina preventiva, dise\u00f1ado para cuidar tu salud en cada etapa del viaje. Ubicada en Polanco, ofrecemos atenci\u00f3n personalizada, informaci\u00f3n actualizada y servicios de vacunaci\u00f3n internacional con respaldo m\u00e9dico profesional.<\/p>\n\n\n\n<div class=\"nfd-text-md nfd-gap-2xl wp-block-group is-vertical is-content-justification-center is-layout-flex wp-container-core-group-is-layout-ce155fab wp-block-group-is-layout-flex\">\n<div class=\"wp-block-group is-nowrap is-layout-flex wp-container-core-group-is-layout-6c531013 wp-block-group-is-layout-flex\">\n<div class=\"nfd-rounded-full is-style-nfd-theme-primary wp-block-group is-layout-constrained wp-container-core-group-is-layout-c4486197 wp-block-group-is-layout-constrained\" style=\"padding-top:6px;padding-right:16px;padding-bottom:6px;padding-left:16px\">\n<p class=\"nfd-text-sm\" style=\"font-style:normal;font-weight:600;text-transform:uppercase\">NUESTRA MISI\u00d3N<\/p>\n<\/div>\n<\/div>\n\n\n\n<h1 class=\"nfd-text-giga nfd-text-contrast nfd-text-balance wp-block-heading has-text-align-center has-x-large-font-size\">Promover viajes seguros y saludables a trav\u00e9s de la prevenci\u00f3n, informaci\u00f3n y atenci\u00f3n m\u00e9dica especializada.<\/h1>\n\n\n\n<p class=\"nfd-text-balance nfd-text-faded has-text-align-center\">Estamos certificados por la International Society of Travel Medicine (ISTM), organismo global l\u00edder en salud del viajero.<\/p>\n\n\n\n<figure class=\"wp-block-image size-full\"><img loading=\"lazy\" decoding=\"async\" width=\"250\" height=\"122\" src=\"https:\/\/clinicadelviajero.mx\/wp-content\/uploads\/2025\/03\/Captura-de-pantalla-2025-03-26-a-las-6.41.33\u202fp.m.png\" alt=\"\" class=\"wp-image-167\" srcset=\"https:\/\/clinicadelviajero.mx\/wp-content\/uploads\/2025\/03\/Captura-de-pantalla-2025-03-26-a-las-6.41.33\u202fp.m.png 250w, https:\/\/clinicadelviajero.mx\/wp-content\/uploads\/2025\/03\/Captura-de-pantalla-2025-03-26-a-las-6.41.33\u202fp.m-18x9.png 18w\" sizes=\"auto, (max-width: 250px) 100vw, 250px\" \/><\/figure>\n\n\n\n<div class=\"nfd-rounded-full is-style-nfd-theme-primary wp-block-group is-layout-constrained wp-container-core-group-is-layout-c4486197 wp-block-group-is-layout-constrained\" style=\"padding-top:6px;padding-right:16px;padding-bottom:6px;padding-left:16px\">\n<p class=\"nfd-text-sm\" style=\"font-style:normal;font-weight:600;text-transform:uppercase\">\u00bfPor qu\u00e9 elegirnos?<\/p>\n<\/div>\n\n\n\n<div class=\"nfd-text-sm nfd-text-primary nfd-gap-xl wp-block-group is-vertical is-content-justification-center is-layout-flex wp-container-core-group-is-layout-ce155fab wp-block-group-is-layout-flex\" style=\"font-style:normal;font-weight:600;text-transform:uppercase\">\n<p class=\"has-text-align-left\"><strong style=\"margin-right: 4px\">\u2713 <\/strong>M\u00e1s de 10 a\u00f1os de experiencia en salud del viajero<\/p>\n\n\n\n<p class=\"has-text-align-left\"><strong style=\"margin-right: 4px\">\u2713 <\/strong>Personal capacitado en enfermedades tropicales, vacunaci\u00f3n y prevenci\u00f3n internacional<\/p>\n\n\n\n<p class=\"has-text-align-left\"><strong style=\"margin-right: 4px\">\u2713 <\/strong>Atenci\u00f3n integral: antes, durante y despu\u00e9s del viaje<\/p>\n\n\n\n<p class=\"has-text-align-left\"><strong style=\"margin-right: 4px\">\u2713 <\/strong>Vacunas y certificados v\u00e1lidos para viajes internacionales<\/p>\n<\/div>\n<\/div>\n<\/div>\n\n\n\n<div class=\"nfd-container nfd-p-lg nfd-bg-effect-dots nfd-theme-light nfd-bg-surface nfd-wb-team__team-7 is-style-nfd-theme-light wp-block-group is-layout-constrained wp-block-group-is-layout-constrained\">\n<div class=\"nfd-gap-sm nfd-text-balance wp-block-group is-vertical is-content-justification-center is-layout-flex wp-container-core-group-is-layout-ce155fab wp-block-group-is-layout-flex\">\n<p class=\"nfd-text-primary has-text-align-center has-x-small-font-size\" style=\"font-style:normal;font-weight:600;letter-spacing:1px;text-transform:uppercase\">LAS PERSONAS DETR\u00c1S DE ESCENA<\/p>\n\n\n\n<h2 class=\"nfd-text-huge nfd-text-contrast wp-block-heading has-text-align-center\">NUESTRO EQUIPO<\/h2>\n\n\n\n<div style=\"height:21px\" aria-hidden=\"true\" class=\"wp-block-spacer wp-container-content-f9bd05ee\"><\/div>\n\n\n\n<p class=\"nfd-text-lg has-text-align-center has-small-font-size\">Nuestro equipo est\u00e1 conformado por profesionales de la salud con formaci\u00f3n en medicina del viajero, medicina preventiva, nutrici\u00f3n cl\u00ednica y salud p\u00fablica. Nos apasiona acompa\u00f1ar a cada persona en su aventura, con un enfoque humano, \u00e9tico y basado en evidencia cient\u00edfica.<\/p>\n\n\n\n<div style=\"height:12px\" aria-hidden=\"true\" class=\"wp-block-spacer wp-container-content-541a6b20\"><\/div>\n<\/div>\n\n\n\n<div class=\"nfd-gap-y-2xl wp-block-columns are-vertically-aligned-top is-layout-flex wp-container-core-columns-is-layout-d7d455e7 wp-block-columns-is-layout-flex\" style=\"padding-top:0;padding-right:0;padding-bottom:0;padding-left:0\">\n<div class=\"wp-block-column is-vertically-aligned-top is-layout-flow wp-container-core-column-is-layout-8a368f38 wp-block-column-is-layout-flow\">\n<figure class=\"nfd-rounded-sm wp-block-image aligncenter size-full\"><img loading=\"lazy\" decoding=\"async\" width=\"400\" height=\"400\" src=\"https:\/\/clinicadelviajero.mx\/wp-content\/uploads\/2025\/03\/Sitio-web-clinicadelviajero.mx-12.png\" alt=\"\" class=\"wp-image-143\" style=\"aspect-ratio:1;object-fit:cover\" srcset=\"https:\/\/clinicadelviajero.mx\/wp-content\/uploads\/2025\/03\/Sitio-web-clinicadelviajero.mx-12.png 400w, https:\/\/clinicadelviajero.mx\/wp-content\/uploads\/2025\/03\/Sitio-web-clinicadelviajero.mx-12-300x300.png 300w, https:\/\/clinicadelviajero.mx\/wp-content\/uploads\/2025\/03\/Sitio-web-clinicadelviajero.mx-12-150x150.png 150w, https:\/\/clinicadelviajero.mx\/wp-content\/uploads\/2025\/03\/Sitio-web-clinicadelviajero.mx-12-12x12.png 12w\" sizes=\"auto, (max-width: 400px) 100vw, 400px\" \/><\/figure>\n\n\n\n<div class=\"nfd-gap-0 wp-block-group is-layout-constrained wp-container-core-group-is-layout-485824cd wp-block-group-is-layout-constrained\">\n<div class=\"nfd-gap-sm wp-block-group is-vertical is-content-justification-stretch is-layout-flex wp-container-core-group-is-layout-353c4f5a wp-block-group-is-layout-flex\">\n<div class=\"nfd-relative nfd-gap-0 nfd-pt-xs -nfd-top-0.5 nfd-border-primary wp-block-group is-vertical is-content-justification-stretch is-layout-flex wp-container-core-group-is-layout-353c4f5a wp-block-group-is-layout-flex\" style=\"border-top-width:4px\">\n<p class=\"nfd-text-primary nfd-text-md has-text-align-left\"><strong>Baruch D\u00edaz<\/strong>, MD MSc<\/p>\n\n\n\n<p class=\"nfd-text-base has-text-align-left\">M\u00e9dico<\/p>\n<\/div>\n\n\n\n<div class=\"nfd-text-pretty nfd-text-sm wp-block-group is-vertical is-content-justification-stretch is-layout-flex wp-container-core-group-is-layout-353c4f5a wp-block-group-is-layout-flex\">\n<p class=\"nfd-text-faded\">Certificado en medicina del viajero y experto en salud global, con amplia experiencia en prevenci\u00f3n de enfermedades internacionales. Su compromiso y conocimiento lo convierten en un referente en atenci\u00f3n m\u00e9dica preventiva para quienes viajan.<\/p>\n<\/div>\n\n\n\n<div style=\"height:0px\" aria-hidden=\"true\" class=\"wp-block-spacer wp-container-content-9760934e\"><\/div>\n\n\n\n<div class=\"wp-block-group is-content-justification-space-between is-layout-flex wp-container-core-group-is-layout-9366075c wp-block-group-is-layout-flex\">\n<ul class=\"is-style-logos-only nfd-gap-md wp-block-social-links has-small-icon-size is-content-justification-left is-layout-flex wp-container-core-social-links-is-layout-fc4fd283 wp-block-social-links-is-layout-flex\"><li class=\"wp-social-link wp-social-link-instagram  wp-block-social-link\"><a href=\"https:\/\/instagram.com\" class=\"wp-block-social-link-anchor\"><svg width=\"24\" height=\"24\" viewbox=\"0 0 24 24\" version=\"1.1\" xmlns=\"http:\/\/www.w3.org\/2000\/svg\" aria-hidden=\"true\" focusable=\"false\"><path d=\"M12,4.622c2.403,0,2.688,0.009,3.637,0.052c0.877,0.04,1.354,0.187,1.671,0.31c0.42,0.163,0.72,0.358,1.035,0.673 c0.315,0.315,0.51,0.615,0.673,1.035c0.123,0.317,0.27,0.794,0.31,1.671c0.043,0.949,0.052,1.234,0.052,3.637 s-0.009,2.688-0.052,3.637c-0.04,0.877-0.187,1.354-0.31,1.671c-0.163,0.42-0.358,0.72-0.673,1.035 c-0.315,0.315-0.615,0.51-1.035,0.673c-0.317,0.123-0.794,0.27-1.671,0.31c-0.949,0.043-1.233,0.052-3.637,0.052 s-2.688-0.009-3.637-0.052c-0.877-0.04-1.354-0.187-1.671-0.31c-0.42-0.163-0.72-0.358-1.035-0.673 c-0.315-0.315-0.51-0.615-0.673-1.035c-0.123-0.317-0.27-0.794-0.31-1.671C4.631,14.688,4.622,14.403,4.622,12 s0.009-2.688,0.052-3.637c0.04-0.877,0.187-1.354,0.31-1.671c0.163-0.42,0.358-0.72,0.673-1.035 c0.315-0.315,0.615-0.51,1.035-0.673c0.317-0.123,0.794-0.27,1.671-0.31C9.312,4.631,9.597,4.622,12,4.622 M12,3 C9.556,3,9.249,3.01,8.289,3.054C7.331,3.098,6.677,3.25,6.105,3.472C5.513,3.702,5.011,4.01,4.511,4.511 c-0.5,0.5-0.808,1.002-1.038,1.594C3.25,6.677,3.098,7.331,3.054,8.289C3.01,9.249,3,9.556,3,12c0,2.444,0.01,2.751,0.054,3.711 c0.044,0.958,0.196,1.612,0.418,2.185c0.23,0.592,0.538,1.094,1.038,1.594c0.5,0.5,1.002,0.808,1.594,1.038 c0.572,0.222,1.227,0.375,2.185,0.418C9.249,20.99,9.556,21,12,21s2.751-0.01,3.711-0.054c0.958-0.044,1.612-0.196,2.185-0.418 c0.592-0.23,1.094-0.538,1.594-1.038c0.5-0.5,0.808-1.002,1.038-1.594c0.222-0.572,0.375-1.227,0.418-2.185 C20.99,14.751,21,14.444,21,12s-0.01-2.751-0.054-3.711c-0.044-0.958-0.196-1.612-0.418-2.185c-0.23-0.592-0.538-1.094-1.038-1.594 c-0.5-0.5-1.002-0.808-1.594-1.038c-0.572-0.222-1.227-0.375-2.185-0.418C14.751,3.01,14.444,3,12,3L12,3z M12,7.378 c-2.552,0-4.622,2.069-4.622,4.622S9.448,16.622,12,16.622s4.622-2.069,4.622-4.622S14.552,7.378,12,7.378z M12,15 c-1.657,0-3-1.343-3-3s1.343-3,3-3s3,1.343,3,3S13.657,15,12,15z M16.804,6.116c-0.596,0-1.08,0.484-1.08,1.08 s0.484,1.08,1.08,1.08c0.596,0,1.08-0.484,1.08-1.08S17.401,6.116,16.804,6.116z\"><\/path><\/svg><span class=\"wp-block-social-link-label screen-reader-text\">Instagram<\/span><\/a><\/li>\n\n<li class=\"wp-social-link wp-social-link-linkedin  wp-block-social-link\"><a href=\"#\" class=\"wp-block-social-link-anchor\"><svg width=\"24\" height=\"24\" viewbox=\"0 0 24 24\" version=\"1.1\" xmlns=\"http:\/\/www.w3.org\/2000\/svg\" aria-hidden=\"true\" focusable=\"false\"><path d=\"M19.7,3H4.3C3.582,3,3,3.582,3,4.3v15.4C3,20.418,3.582,21,4.3,21h15.4c0.718,0,1.3-0.582,1.3-1.3V4.3 C21,3.582,20.418,3,19.7,3z M8.339,18.338H5.667v-8.59h2.672V18.338z M7.004,8.574c-0.857,0-1.549-0.694-1.549-1.548 c0-0.855,0.691-1.548,1.549-1.548c0.854,0,1.547,0.694,1.547,1.548C8.551,7.881,7.858,8.574,7.004,8.574z M18.339,18.338h-2.669 v-4.177c0-0.996-0.017-2.278-1.387-2.278c-1.389,0-1.601,1.086-1.601,2.206v4.249h-2.667v-8.59h2.559v1.174h0.037 c0.356-0.675,1.227-1.387,2.526-1.387c2.703,0,3.203,1.779,3.203,4.092V18.338z\"><\/path><\/svg><span class=\"wp-block-social-link-label screen-reader-text\">LinkedIn<\/span><\/a><\/li>\n\n<li class=\"wp-social-link wp-social-link-x  wp-block-social-link\"><a href=\"#\" class=\"wp-block-social-link-anchor\"><svg width=\"24\" height=\"24\" viewbox=\"0 0 24 24\" version=\"1.1\" xmlns=\"http:\/\/www.w3.org\/2000\/svg\" aria-hidden=\"true\" focusable=\"false\"><path d=\"M13.982 10.622 20.54 3h-1.554l-5.693 6.618L8.745 3H3.5l6.876 10.007L3.5 21h1.554l6.012-6.989L15.868 21h5.245l-7.131-10.378Zm-2.128 2.474-.697-.997-5.543-7.93H8l4.474 6.4.697.996 5.815 8.318h-2.387l-4.745-6.787Z\" \/><\/svg><span class=\"wp-block-social-link-label screen-reader-text\">X<\/span><\/a><\/li><\/ul>\n<\/div>\n<\/div>\n<\/div>\n<\/div>\n\n\n\n<div class=\"wp-block-column is-vertically-aligned-top is-layout-flow wp-container-core-column-is-layout-8a368f38 wp-block-column-is-layout-flow\">\n<figure class=\"nfd-rounded-sm wp-block-image aligncenter size-full\"><img loading=\"lazy\" decoding=\"async\" width=\"400\" height=\"400\" src=\"https:\/\/clinicadelviajero.mx\/wp-content\/uploads\/2025\/03\/Sitio-web-clinicadelviajero.mx-13.png\" alt=\"\" class=\"wp-image-144\" style=\"aspect-ratio:1;object-fit:cover\" srcset=\"https:\/\/clinicadelviajero.mx\/wp-content\/uploads\/2025\/03\/Sitio-web-clinicadelviajero.mx-13.png 400w, https:\/\/clinicadelviajero.mx\/wp-content\/uploads\/2025\/03\/Sitio-web-clinicadelviajero.mx-13-300x300.png 300w, https:\/\/clinicadelviajero.mx\/wp-content\/uploads\/2025\/03\/Sitio-web-clinicadelviajero.mx-13-150x150.png 150w, https:\/\/clinicadelviajero.mx\/wp-content\/uploads\/2025\/03\/Sitio-web-clinicadelviajero.mx-13-12x12.png 12w\" sizes=\"auto, (max-width: 400px) 100vw, 400px\" \/><\/figure>\n\n\n\n<div class=\"nfd-gap-0 wp-block-group is-layout-constrained wp-container-core-group-is-layout-485824cd wp-block-group-is-layout-constrained\">\n<div class=\"nfd-gap-sm wp-block-group is-vertical is-content-justification-stretch is-layout-flex wp-container-core-group-is-layout-353c4f5a wp-block-group-is-layout-flex\">\n<div class=\"nfd-relative nfd-gap-0 nfd-pt-xs -nfd-top-0.5 nfd-border-primary wp-block-group is-vertical is-content-justification-stretch is-layout-flex wp-container-core-group-is-layout-353c4f5a wp-block-group-is-layout-flex\" style=\"border-top-width:4px\">\n<p class=\"nfd-text-primary nfd-text-md has-text-align-left\"><strong>Mauricio Calixto<\/strong>, NC MSc<\/p>\n\n\n\n<p class=\"nfd-text-base has-text-align-left\">Nutri\u00f3logo<\/p>\n<\/div>\n\n\n\n<div class=\"nfd-text-pretty nfd-text-sm wp-block-group is-vertical is-content-justification-stretch is-layout-flex wp-container-core-group-is-layout-353c4f5a wp-block-group-is-layout-flex\">\n<p class=\"nfd-text-faded\">Especializado en nutrici\u00f3n cl\u00ednica y preventiva, con enfoque en viajeros y poblaci\u00f3n activa. Su atenci\u00f3n personalizada promueve h\u00e1bitos saludables antes, durante y despu\u00e9s del viaje.<\/p>\n<\/div>\n\n\n\n<div style=\"height:0px\" aria-hidden=\"true\" class=\"wp-block-spacer wp-container-content-9760934e\"><\/div>\n\n\n\n<div class=\"wp-block-group is-content-justification-space-between is-layout-flex wp-container-core-group-is-layout-9366075c wp-block-group-is-layout-flex\">\n<ul class=\"is-style-logos-only nfd-gap-md wp-block-social-links has-small-icon-size is-content-justification-left is-layout-flex wp-container-core-social-links-is-layout-fc4fd283 wp-block-social-links-is-layout-flex\"><li class=\"wp-social-link wp-social-link-instagram  wp-block-social-link\"><a href=\"https:\/\/instagram.com\" class=\"wp-block-social-link-anchor\"><svg width=\"24\" height=\"24\" viewbox=\"0 0 24 24\" version=\"1.1\" xmlns=\"http:\/\/www.w3.org\/2000\/svg\" aria-hidden=\"true\" focusable=\"false\"><path d=\"M12,4.622c2.403,0,2.688,0.009,3.637,0.052c0.877,0.04,1.354,0.187,1.671,0.31c0.42,0.163,0.72,0.358,1.035,0.673 c0.315,0.315,0.51,0.615,0.673,1.035c0.123,0.317,0.27,0.794,0.31,1.671c0.043,0.949,0.052,1.234,0.052,3.637 s-0.009,2.688-0.052,3.637c-0.04,0.877-0.187,1.354-0.31,1.671c-0.163,0.42-0.358,0.72-0.673,1.035 c-0.315,0.315-0.615,0.51-1.035,0.673c-0.317,0.123-0.794,0.27-1.671,0.31c-0.949,0.043-1.233,0.052-3.637,0.052 s-2.688-0.009-3.637-0.052c-0.877-0.04-1.354-0.187-1.671-0.31c-0.42-0.163-0.72-0.358-1.035-0.673 c-0.315-0.315-0.51-0.615-0.673-1.035c-0.123-0.317-0.27-0.794-0.31-1.671C4.631,14.688,4.622,14.403,4.622,12 s0.009-2.688,0.052-3.637c0.04-0.877,0.187-1.354,0.31-1.671c0.163-0.42,0.358-0.72,0.673-1.035 c0.315-0.315,0.615-0.51,1.035-0.673c0.317-0.123,0.794-0.27,1.671-0.31C9.312,4.631,9.597,4.622,12,4.622 M12,3 C9.556,3,9.249,3.01,8.289,3.054C7.331,3.098,6.677,3.25,6.105,3.472C5.513,3.702,5.011,4.01,4.511,4.511 c-0.5,0.5-0.808,1.002-1.038,1.594C3.25,6.677,3.098,7.331,3.054,8.289C3.01,9.249,3,9.556,3,12c0,2.444,0.01,2.751,0.054,3.711 c0.044,0.958,0.196,1.612,0.418,2.185c0.23,0.592,0.538,1.094,1.038,1.594c0.5,0.5,1.002,0.808,1.594,1.038 c0.572,0.222,1.227,0.375,2.185,0.418C9.249,20.99,9.556,21,12,21s2.751-0.01,3.711-0.054c0.958-0.044,1.612-0.196,2.185-0.418 c0.592-0.23,1.094-0.538,1.594-1.038c0.5-0.5,0.808-1.002,1.038-1.594c0.222-0.572,0.375-1.227,0.418-2.185 C20.99,14.751,21,14.444,21,12s-0.01-2.751-0.054-3.711c-0.044-0.958-0.196-1.612-0.418-2.185c-0.23-0.592-0.538-1.094-1.038-1.594 c-0.5-0.5-1.002-0.808-1.594-1.038c-0.572-0.222-1.227-0.375-2.185-0.418C14.751,3.01,14.444,3,12,3L12,3z M12,7.378 c-2.552,0-4.622,2.069-4.622,4.622S9.448,16.622,12,16.622s4.622-2.069,4.622-4.622S14.552,7.378,12,7.378z M12,15 c-1.657,0-3-1.343-3-3s1.343-3,3-3s3,1.343,3,3S13.657,15,12,15z M16.804,6.116c-0.596,0-1.08,0.484-1.08,1.08 s0.484,1.08,1.08,1.08c0.596,0,1.08-0.484,1.08-1.08S17.401,6.116,16.804,6.116z\"><\/path><\/svg><span class=\"wp-block-social-link-label screen-reader-text\">Instagram<\/span><\/a><\/li>\n\n<li class=\"wp-social-link wp-social-link-linkedin  wp-block-social-link\"><a href=\"#\" class=\"wp-block-social-link-anchor\"><svg width=\"24\" height=\"24\" viewbox=\"0 0 24 24\" version=\"1.1\" xmlns=\"http:\/\/www.w3.org\/2000\/svg\" aria-hidden=\"true\" focusable=\"false\"><path d=\"M19.7,3H4.3C3.582,3,3,3.582,3,4.3v15.4C3,20.418,3.582,21,4.3,21h15.4c0.718,0,1.3-0.582,1.3-1.3V4.3 C21,3.582,20.418,3,19.7,3z M8.339,18.338H5.667v-8.59h2.672V18.338z M7.004,8.574c-0.857,0-1.549-0.694-1.549-1.548 c0-0.855,0.691-1.548,1.549-1.548c0.854,0,1.547,0.694,1.547,1.548C8.551,7.881,7.858,8.574,7.004,8.574z M18.339,18.338h-2.669 v-4.177c0-0.996-0.017-2.278-1.387-2.278c-1.389,0-1.601,1.086-1.601,2.206v4.249h-2.667v-8.59h2.559v1.174h0.037 c0.356-0.675,1.227-1.387,2.526-1.387c2.703,0,3.203,1.779,3.203,4.092V18.338z\"><\/path><\/svg><span class=\"wp-block-social-link-label screen-reader-text\">LinkedIn<\/span><\/a><\/li>\n\n<li class=\"wp-social-link wp-social-link-x  wp-block-social-link\"><a href=\"#\" class=\"wp-block-social-link-anchor\"><svg width=\"24\" height=\"24\" viewbox=\"0 0 24 24\" version=\"1.1\" xmlns=\"http:\/\/www.w3.org\/2000\/svg\" aria-hidden=\"true\" focusable=\"false\"><path d=\"M13.982 10.622 20.54 3h-1.554l-5.693 6.618L8.745 3H3.5l6.876 10.007L3.5 21h1.554l6.012-6.989L15.868 21h5.245l-7.131-10.378Zm-2.128 2.474-.697-.997-5.543-7.93H8l4.474 6.4.697.996 5.815 8.318h-2.387l-4.745-6.787Z\" \/><\/svg><span class=\"wp-block-social-link-label screen-reader-text\">X<\/span><\/a><\/li><\/ul>\n<\/div>\n<\/div>\n<\/div>\n<\/div>\n<\/div>\n<\/div>\n\n\n\n<div class=\"nfd-my-0 nfd-p-0 nfd-overflow-hidden wp-block-group alignwide has-white-color has-black-background-color has-text-color has-background is-layout-flow wp-container-core-group-is-layout-8213276e wp-block-group-is-layout-flow\" style=\"border-radius:8px\">\n<div class=\"nfd-p-md nfd-bg-accent is-style-default wp-block-cover\" style=\"min-height:50px;aspect-ratio:unset;\"><span aria-hidden=\"true\" class=\"wp-block-cover__background has-background-dim-0 has-background-dim\" style=\"background-color:#262626\"><\/span><img loading=\"lazy\" decoding=\"async\" width=\"1600\" height=\"900\" class=\"wp-block-cover__image-background wp-image-134\" alt=\"\" src=\"https:\/\/clinicadelviajero.mx\/wp-content\/uploads\/2025\/03\/fondo-negro.png\" data-object-fit=\"cover\" srcset=\"https:\/\/clinicadelviajero.mx\/wp-content\/uploads\/2025\/03\/fondo-negro.png 1600w, https:\/\/clinicadelviajero.mx\/wp-content\/uploads\/2025\/03\/fondo-negro-300x169.png 300w, https:\/\/clinicadelviajero.mx\/wp-content\/uploads\/2025\/03\/fondo-negro-1024x576.png 1024w, https:\/\/clinicadelviajero.mx\/wp-content\/uploads\/2025\/03\/fondo-negro-768x432.png 768w, https:\/\/clinicadelviajero.mx\/wp-content\/uploads\/2025\/03\/fondo-negro-1536x864.png 1536w, https:\/\/clinicadelviajero.mx\/wp-content\/uploads\/2025\/03\/fondo-negro-18x10.png 18w, https:\/\/clinicadelviajero.mx\/wp-content\/uploads\/2025\/03\/fondo-negro-600x338.png 600w\" sizes=\"auto, (max-width: 1600px) 100vw, 1600px\" \/><div class=\"wp-block-cover__inner-container is-layout-flow wp-block-cover-is-layout-flow\">\n<div class=\"nfd-container wp-block-group alignwide is-layout-flow wp-container-core-group-is-layout-05898ac8 wp-block-group-is-layout-flow\">\n<h2 class=\"nfd-text-xl nfd-text-current md:nfd-no-br wp-block-heading has-text-align-center\">Estamos aqu\u00ed para que viajes con tranquilidad. Agenda tu cita y d\u00e9janos cuidar de ti.<\/h2>\n\n\n\n<div class=\"nfd-text-base wp-block-buttons alignfull is-content-justification-center is-layout-flex wp-container-core-buttons-is-layout-a89b3969 wp-block-buttons-is-layout-flex\">\n<div class=\"is-style-fill wp-block-button\" style=\"line-height:1.5\"><a class=\"wp-block-button__link has-white-color has-text-color has-background wp-element-button\" href=\"https:\/\/wa.me\/525621058956?text=Hola%2C%20me%20gustar%C3%ADa%20agendar%20una%20cita%20en%20la%20Cl%C3%ADnica%20del%20Viajero.\" style=\"background:linear-gradient(135deg,rgb(34,88,175) 0%,rgb(65,59,168) 100%);padding-top:16px;padding-right:32px;padding-bottom:16px;padding-left:32px\">Solicitar cita por WhatsApp<\/a><\/div>\n<\/div>\n<\/div>\n<\/div><\/div>\n<\/div>\n\n\n\n<p class=\"\"><\/p>","protected":false},"excerpt":{"rendered":"<p>ACERCA DE LA CL\u00cdNICA DEL VIAJERO Tu salud, nuestro compromiso antes, durante y despu\u00e9s del viaje. La Cl\u00ednica del Viajero es un espacio especializado en medicina preventiva, dise\u00f1ado para cuidar tu salud en cada etapa del viaje. Ubicada en Polanco, ofrecemos atenci\u00f3n personalizada, informaci\u00f3n actualizada y servicios de vacunaci\u00f3n internacional con respaldo m\u00e9dico profesional. NUESTRA [&hellip;]<\/p>\n","protected":false},"author":1,"featured_media":0,"parent":0,"menu_order":0,"comment_status":"closed","ping_status":"closed","template":"no-title","meta":{"nf_dc_page":"about","footnotes":""},"class_list":["post-11","page","type-page","status-publish","hentry"],"_links":{"self":[{"href":"https:\/\/clinicadelviajero.mx\/en\/wp-json\/wp\/v2\/pages\/11","targetHints":{"allow":["GET"]}}],"collection":[{"href":"https:\/\/clinicadelviajero.mx\/en\/wp-json\/wp\/v2\/pages"}],"about":[{"href":"https:\/\/clinicadelviajero.mx\/en\/wp-json\/wp\/v2\/types\/page"}],"author":[{"embeddable":true,"href":"https:\/\/clinicadelviajero.mx\/en\/wp-json\/wp\/v2\/users\/1"}],"replies":[{"embeddable":true,"href":"https:\/\/clinicadelviajero.mx\/en\/wp-json\/wp\/v2\/comments?post=11"}],"version-history":[{"count":7,"href":"https:\/\/clinicadelviajero.mx\/en\/wp-json\/wp\/v2\/pages\/11\/revisions"}],"predecessor-version":[{"id":168,"href":"https:\/\/clinicadelviajero.mx\/en\/wp-json\/wp\/v2\/pages\/11\/revisions\/168"}],"wp:attachment":[{"href":"https:\/\/clinicadelviajero.mx\/en\/wp-json\/wp\/v2\/media?parent=11"}],"curies":[{"name":"wp","href":"https:\/\/api.w.org\/{rel}","templated":true}]}}